{"id":50,"date":"2021-02-17T09:17:00","date_gmt":"2021-02-17T09:17:00","guid":{"rendered":"https:\/\/patricialongo-sophrologue.fr\/?page_id=50"},"modified":"2025-10-27T15:04:47","modified_gmt":"2025-10-27T15:04:47","slug":"les-tarifs","status":"publish","type":"page","link":"https:\/\/patricialongo-sophrologue.fr\/?page_id=50","title":{"rendered":"Les Tarifs"},"content":{"rendered":"\n<p><\/p>\n\n\n\n<p><strong>S\u00e9ances individuelles \u00e0 votre domicile\u00a0:\u00a0<\/strong>Pas besoin de vous d\u00e9placer pour vivre votre s\u00e9ance. La sophrologie se pratique tr\u00e8s facilement \u00e0 domicile et n\u00e9cessite simplement un endroit calme, 2 si\u00e8ges et peu de place.\u00a0<\/p>\n\n\n\n<p><strong>50 euros \u00e0 domicile\u00a0<\/strong>(dans un rayon de 30 km de Saint-Lys, au-del\u00e0 me contacter).\u00a0<\/p>\n\n\n\n<p><em>Certaines mutuelles prennent en charge les s\u00e9ances de sophrologie en totalit\u00e9 ou partiellement. Renseignez-vous aupr\u00e8s de la v\u00f4tre.&nbsp;<\/em><\/p>\n\n\n\n<p><strong>S\u00e9ances de groupe<\/strong><\/p>\n\n\n\n<p><strong>12 euros par personne<\/strong> <\/p>\n\n\n\n<p>La sophrologie s\u2019adapte aux groupes (\u00e9tudiants, salari\u00e9s\u2026) avec des th\u00e9matiques vari\u00e9es (gestion du stress, concentration, confiance, d\u00e9veloppement personnel\u2026).&nbsp;<\/p>\n\n\n\n<p>Veuillez m\u2019adresser votre demande par courriel.&nbsp;<\/p>\n\n\n\n<p>Possibilit\u00e9 d\u2019intervention en entreprise, en \u00e9tablissement scolaire, en structure m\u00e9dicale, en club de sport\u2026 sous forme d\u2019ateliers r\u00e9guliers ou ponctuels.&nbsp;<\/p>\n\n\n\n<p><strong>R\u00e8glements accept\u00e9s&nbsp;:&nbsp;<\/strong>ch\u00e8ques ou esp\u00e8ces.<\/p>\n\n\n\n<p><strong>A noter que toute s\u00e9ance programm\u00e9e qui ne sera pas annul\u00e9e 24h \u00e0 l\u2019avance sera due. Je vous remercie de votre compr\u00e9hension.&nbsp;<\/strong><\/p>\n","protected":false},"excerpt":{"rendered":"<p>S\u00e9ances individuelles \u00e0 votre domicile\u00a0:\u00a0Pas besoin de vous d\u00e9placer pour vivre votre s\u00e9ance. La sophrologie se pratique tr\u00e8s facilement \u00e0 domicile et n\u00e9cessite simplement un endroit calme, 2 si\u00e8ges et peu de place.\u00a0 50 euros \u00e0 domicile\u00a0(dans un rayon de 30 km de Saint-Lys, au-del\u00e0 me contacter).\u00a0 Certaines mutuelles prennent en charge les s\u00e9ances de &hellip; <\/p>\n","protected":false},"author":1,"featured_media":0,"parent":0,"menu_order":0,"comment_status":"closed","ping_status":"closed","template":"","meta":{"footnotes":""},"class_list":["post-50","page","type-page","status-publish","hentry"],"_links":{"self":[{"href":"https:\/\/patricialongo-sophrologue.fr\/index.php?rest_route=\/wp\/v2\/pages\/50","targetHints":{"allow":["GET"]}}],"collection":[{"href":"https:\/\/patricialongo-sophrologue.fr\/index.php?rest_route=\/wp\/v2\/pages"}],"about":[{"href":"https:\/\/patricialongo-sophrologue.fr\/index.php?rest_route=\/wp\/v2\/types\/page"}],"author":[{"embeddable":true,"href":"https:\/\/patricialongo-sophrologue.fr\/index.php?rest_route=\/wp\/v2\/users\/1"}],"replies":[{"embeddable":true,"href":"https:\/\/patricialongo-sophrologue.fr\/index.php?rest_route=%2Fwp%2Fv2%2Fcomments&post=50"}],"version-history":[{"count":5,"href":"https:\/\/patricialongo-sophrologue.fr\/index.php?rest_route=\/wp\/v2\/pages\/50\/revisions"}],"predecessor-version":[{"id":172,"href":"https:\/\/patricialongo-sophrologue.fr\/index.php?rest_route=\/wp\/v2\/pages\/50\/revisions\/172"}],"wp:attachment":[{"href":"https:\/\/patricialongo-sophrologue.fr\/index.php?rest_route=%2Fwp%2Fv2%2Fmedia&parent=50"}],"curies":[{"name":"wp","href":"https:\/\/api.w.org\/{rel}","templated":true}]}}