{"id":26,"date":"2021-02-16T11:54:02","date_gmt":"2021-02-16T11:54:02","guid":{"rendered":"https:\/\/patricialongo-sophrologue.fr\/?page_id=26"},"modified":"2024-02-28T16:44:35","modified_gmt":"2024-02-28T16:44:35","slug":"la-sophrologie","status":"publish","type":"page","link":"https:\/\/patricialongo-sophrologue.fr\/?page_id=26","title":{"rendered":"Votre Sophrologue"},"content":{"rendered":"\n<figure class=\"wp-block-image size-full is-resized\"><img loading=\"lazy\" decoding=\"async\" width=\"262\" height=\"342\" src=\"https:\/\/patricialongo-sophrologue.fr\/wp-content\/uploads\/2021\/02\/image.png\" alt=\"\" class=\"wp-image-76\" style=\"width:162px;height:211px\" srcset=\"https:\/\/patricialongo-sophrologue.fr\/wp-content\/uploads\/2021\/02\/image.png 262w, https:\/\/patricialongo-sophrologue.fr\/wp-content\/uploads\/2021\/02\/image-230x300.png 230w, https:\/\/patricialongo-sophrologue.fr\/wp-content\/uploads\/2021\/02\/image-46x60.png 46w\" sizes=\"auto, (max-width: 262px) 100vw, 262px\" \/><\/figure>\n\n\n\n<p class=\"has-text-align-left\">Mon m\u00e9tier de conseill\u00e8re p\u00e9dagogique dans le secteur \u00e9ducatif m\u2019a guid\u00e9, en 2018, vers la sophrologie. Convaincue que chaque enfant est unique et poss\u00e8de des ressources et des potentialit\u00e9s comme chaque \u00eatre humain, et anim\u00e9e par l\u2019envie de cr\u00e9er des ateliers d\u2019expression, d\u2019\u00e9change et de relaxation pour les enfants et les adolescents. Mon souhait\u00a0: les aider \u00e0 d\u00e9velopper leurs capacit\u00e9s de confiance, de concentration, de m\u00e9morisation et \u00e0 vivre leur palette \u00e9motionnelle de la fa\u00e7on la plus \u00e9quilibr\u00e9e possible.\u00a0\u00a0<\/p>\n\n\n\n<p>Depuis d\u00e9cembre 2020, je suis dipl\u00f4m\u00e9e de l\u2019Institut de Sophrologie du Sud-Ouest de Toulouse, \u00e9cole appartenant \u00e0 la F\u00e9d\u00e9ration des Ecoles Professionnelles de Sophrologie. Pendant 2 ann\u00e9es, j\u2019ai \u00e9t\u00e9 form\u00e9e \u00e0 la m\u00e9thode et j\u2019ai pu acqu\u00e9rir des outils efficaces pour la gestion du stress, des \u00e9motions, la pr\u00e9paration aux examens, pour d\u00e9velopper la confiance en soi ou mieux vivre les changements du quotidien (d\u00e9m\u00e9nagement, maladie\u2026).&nbsp;<\/p>\n\n\n\n<p>J\u2019ai \u00e9galement particip\u00e9 \u00e0 diff\u00e9rents modules sp\u00e9cifiques&nbsp;:&nbsp;<\/p>\n\n\n\n<ul class=\"wp-block-list\">\n<li>Fondamentaux de neurophysiologie, <em>Antoine Lacouturi\u00e8re, Sophrologue et Osth\u00e9opathe<\/em><\/li>\n\n\n\n<li>Sophrologie adapt\u00e9e aux enfants et adolescents, <em>Solenn Hamon, Sophrologue<\/em><\/li>\n\n\n\n<li>Sophrologie, stress et psychopathologie, <em>Pascal Gautier, Sophrologue, Psychologue et Psychoth\u00e9rapeute<\/em><\/li>\n\n\n\n<li>Sophrologie et Monde du travail, <em>Agn\u00e8s Koslow, Sophrologue<\/em><\/li>\n\n\n\n<li>Sophrologie et personnes \u00e2g\u00e9es, <em>Eric Joannes, Sophrologue<\/em><\/li>\n\n\n\n<li>Ecoute et communication, <em>R\u00e9gine Philip, Infirmi\u00e8re et Sophrologue et Yann Cormier, Psychologue clinicien et Sophrologue<\/em><\/li>\n\n\n\n<li>P\u00e9dagogie Sophrologie Ludique 1, <em>Claudia Sanchez et Ricardo Lopez, sophrologues sociaux, master sp\u00e9cialiste sophrologie caycedienne, formateurs, consultants, cr\u00e9ateurs de la sophrologie ludique&nbsp; Suisse-France-Belgique<\/em><\/li>\n<\/ul>\n\n\n\n<p>Aujourd\u2019hui, j\u2019accompagne enfants, adolescents et adultes, chacun-e dans sa d\u00e9marche personnelle. Je transmets des outils adapt\u00e9s \u00e0 vos besoins, attentes et objectifs, avec \u00e9coute et bienveillance et dans le respect de votre libert\u00e9 et de votre autonomie.\u00a0<\/p>\n\n\n\n<p><strong>D\u00e9ontologie&nbsp;:&nbsp;<\/strong>Le sophrologue est tenu au secret professionnel. Il doit installer une relation de confiance avec le sophronisant afin de cr\u00e9er l\u2019alliance dans le respect de ses croyances et de ses opinions. En aucun cas, le sophrologue ne se substitue \u00e0 un traitement m\u00e9dical, ni \u00e0 aucune autre th\u00e9rapie clinique.&nbsp;<\/p>\n\n\n\n<p>Vous pouvez consulter le Code de D\u00e9ontologie de la sophrologie sur le site&nbsp;:&nbsp;<a href=\"https:\/\/www.feps-sophrologie.fr\/\">https:\/\/www.feps-sophrologie.fr\/<\/a><\/p>\n","protected":false},"excerpt":{"rendered":"<p>Mon m\u00e9tier de conseill\u00e8re p\u00e9dagogique dans le secteur \u00e9ducatif m\u2019a guid\u00e9, en 2018, vers la sophrologie. Convaincue que chaque enfant est unique et poss\u00e8de des ressources et des potentialit\u00e9s comme chaque \u00eatre humain, et anim\u00e9e par l\u2019envie de cr\u00e9er des ateliers d\u2019expression, d\u2019\u00e9change et de relaxation pour les enfants et les adolescents. Mon souhait\u00a0: les &hellip; <\/p>\n","protected":false},"author":1,"featured_media":0,"parent":0,"menu_order":0,"comment_status":"closed","ping_status":"closed","template":"","meta":{"footnotes":""},"class_list":["post-26","page","type-page","status-publish","hentry"],"_links":{"self":[{"href":"https:\/\/patricialongo-sophrologue.fr\/index.php?rest_route=\/wp\/v2\/pages\/26","targetHints":{"allow":["GET"]}}],"collection":[{"href":"https:\/\/patricialongo-sophrologue.fr\/index.php?rest_route=\/wp\/v2\/pages"}],"about":[{"href":"https:\/\/patricialongo-sophrologue.fr\/index.php?rest_route=\/wp\/v2\/types\/page"}],"author":[{"embeddable":true,"href":"https:\/\/patricialongo-sophrologue.fr\/index.php?rest_route=\/wp\/v2\/users\/1"}],"replies":[{"embeddable":true,"href":"https:\/\/patricialongo-sophrologue.fr\/index.php?rest_route=%2Fwp%2Fv2%2Fcomments&post=26"}],"version-history":[{"count":8,"href":"https:\/\/patricialongo-sophrologue.fr\/index.php?rest_route=\/wp\/v2\/pages\/26\/revisions"}],"predecessor-version":[{"id":163,"href":"https:\/\/patricialongo-sophrologue.fr\/index.php?rest_route=\/wp\/v2\/pages\/26\/revisions\/163"}],"wp:attachment":[{"href":"https:\/\/patricialongo-sophrologue.fr\/index.php?rest_route=%2Fwp%2Fv2%2Fmedia&parent=26"}],"curies":[{"name":"wp","href":"https:\/\/api.w.org\/{rel}","templated":true}]}}