{"id":2,"date":"2016-05-10T03:48:21","date_gmt":"2016-05-10T03:48:21","guid":{"rendered":"https:\/\/patricialongo-sophrologue.fr\/?page_id=2"},"modified":"2024-02-28T17:00:14","modified_gmt":"2024-02-28T17:00:14","slug":"sample-page","status":"publish","type":"page","link":"https:\/\/patricialongo-sophrologue.fr\/","title":{"rendered":"Bienvenue"},"content":{"rendered":"<p>La sophrologie pour apprendre \u00e0 reconnecter notre corps et notre esprit \u00e0 leurs v\u00e9ritables besoins, r\u00e9v\u00e9ler nos ressources int\u00e9rieures et d\u00e9velopper notre potentiel.\u00a0<\/p>\n<blockquote>\n<p><em>\u00ab\u00a0Accompagner quelqu&rsquo;un ne consiste pas \u00e0 le porter sur ses \u00e9paules,<\/em><em> mais \u00e0 lui apprendre \u00e0 se servir de ses ailes\u00a0\u00bb\u00a0\u00a0<\/em><\/p>\n<\/blockquote>\n<blockquote>\n<p><em>Sophie Alandry<\/em><\/p>\n<\/blockquote>\n<blockquote>\n<p><em>\u00ab\u00a0Lorsque nous sommes attentifs et <span style=\"color: initial;\">profond\u00e9ment en contact avec le moment pr\u00e9sent, notre compr\u00e9hension de ce qui se passe s\u2019approfondit et nous commen\u00e7ons \u00e0 \u00eatre remplis d\u2019acceptation, de joie, de paix et d\u2019amour\u00a0\u00bb<\/span><\/em><\/p>\n<\/blockquote>\n<blockquote>\n<p><em>Thich Nhat Hanh<\/em><\/p>\n<\/blockquote>\n\n<div class=\"wp-block-image\">\n<figure class=\"aligncenter size-large\"><img loading=\"lazy\" decoding=\"async\" width=\"1024\" height=\"683\" src=\"https:\/\/patricialongo-sophrologue.fr\/wp-content\/uploads\/2022\/07\/PATRICIA-LONGO-logo-planche-1-1024x683.jpeg\" alt=\"\" class=\"wp-image-109\" srcset=\"https:\/\/patricialongo-sophrologue.fr\/wp-content\/uploads\/2022\/07\/PATRICIA-LONGO-logo-planche-1-1024x683.jpeg 1024w, https:\/\/patricialongo-sophrologue.fr\/wp-content\/uploads\/2022\/07\/PATRICIA-LONGO-logo-planche-1-300x200.jpeg 300w, https:\/\/patricialongo-sophrologue.fr\/wp-content\/uploads\/2022\/07\/PATRICIA-LONGO-logo-planche-1-768x512.jpeg 768w, https:\/\/patricialongo-sophrologue.fr\/wp-content\/uploads\/2022\/07\/PATRICIA-LONGO-logo-planche-1-450x300.jpeg 450w, https:\/\/patricialongo-sophrologue.fr\/wp-content\/uploads\/2022\/07\/PATRICIA-LONGO-logo-planche-1-90x60.jpeg 90w, https:\/\/patricialongo-sophrologue.fr\/wp-content\/uploads\/2022\/07\/PATRICIA-LONGO-logo-planche-1.jpeg 1280w\" sizes=\"auto, (max-width: 1024px) 100vw, 1024px\" \/><\/figure>\n<\/div>","protected":false},"excerpt":{"rendered":"<p>La sophrologie pour apprendre \u00e0 reconnecter notre corps et notre esprit \u00e0 leurs v\u00e9ritables besoins, r\u00e9v\u00e9ler nos ressources int\u00e9rieures et d\u00e9velopper notre potentiel.\u00a0 \u00ab\u00a0Accompagner quelqu&rsquo;un ne consiste pas \u00e0 le porter sur ses \u00e9paules, mais \u00e0 lui apprendre \u00e0 se servir de ses ailes\u00a0\u00bb\u00a0\u00a0 Sophie Alandry \u00ab\u00a0Lorsque nous sommes attentifs et profond\u00e9ment en contact avec &hellip; <\/p>\n","protected":false},"author":1,"featured_media":0,"parent":0,"menu_order":0,"comment_status":"closed","ping_status":"open","template":"","meta":{"footnotes":""},"class_list":["post-2","page","type-page","status-publish","hentry"],"_links":{"self":[{"href":"https:\/\/patricialongo-sophrologue.fr\/index.php?rest_route=\/wp\/v2\/pages\/2","targetHints":{"allow":["GET"]}}],"collection":[{"href":"https:\/\/patricialongo-sophrologue.fr\/index.php?rest_route=\/wp\/v2\/pages"}],"about":[{"href":"https:\/\/patricialongo-sophrologue.fr\/index.php?rest_route=\/wp\/v2\/types\/page"}],"author":[{"embeddable":true,"href":"https:\/\/patricialongo-sophrologue.fr\/index.php?rest_route=\/wp\/v2\/users\/1"}],"replies":[{"embeddable":true,"href":"https:\/\/patricialongo-sophrologue.fr\/index.php?rest_route=%2Fwp%2Fv2%2Fcomments&post=2"}],"version-history":[{"count":16,"href":"https:\/\/patricialongo-sophrologue.fr\/index.php?rest_route=\/wp\/v2\/pages\/2\/revisions"}],"predecessor-version":[{"id":169,"href":"https:\/\/patricialongo-sophrologue.fr\/index.php?rest_route=\/wp\/v2\/pages\/2\/revisions\/169"}],"wp:attachment":[{"href":"https:\/\/patricialongo-sophrologue.fr\/index.php?rest_route=%2Fwp%2Fv2%2Fmedia&parent=2"}],"curies":[{"name":"wp","href":"https:\/\/api.w.org\/{rel}","templated":true}]}}